{"id":7260,"date":"2019-03-19T13:56:12","date_gmt":"2019-03-19T13:56:12","guid":{"rendered":"https:\/\/tasiamarisbeach.com\/?page_id=7260"},"modified":"2025-02-26T12:20:43","modified_gmt":"2025-02-26T12:20:43","slug":"leisure-facilities","status":"publish","type":"page","link":"https:\/\/tasiamarisbeach.com\/SE\/leisure-facilities\/","title":{"rendered":"Leisure Facilities"},"content":{"rendered":"<p>[vc_row][vc_column css=&#8221;.vc_custom_1553073167709{padding-top: 60px !important;}&#8221;][vc_column_text]<\/p>\n<p>V\u00e4lkommen till BLU SPA, d\u00e4r avkoppling m\u00f6ter lyx.<\/p>\n<p>Blu Spa p\u00e5 strandhotellet &amp; Spa p\u00e5 Tasia Maris Hotel erbjuder ett rikt utbud av spabehandlingar f\u00f6r g\u00e4ster som vill uppt\u00e4cka konsten att slappna av och roa. Omfamna en sann lyxreservat, en himmel av fred, ett mycket behagligt omr\u00e5de som blandar estetikens k\u00e4rlek och n\u00e5r de b\u00e4sta sk\u00f6nhetsl\u00f6sningarna. Det erbjuder v\u00e5rd genom gester och viktiga tekniker som slappnar av sinnet och kroppen, harmoniserar silhuetten, \u00e5terupplivar huden och bevarar ungdomen. Blu Spa \u00e4r en privilegierad plats f\u00f6r m\u00e4n och kvinnor som s\u00f6ker varaktig h\u00e4lsa, sk\u00f6nhet och ungdom.<\/p>\n<p><strong>Blus Spa Pricelist<\/strong><\/p>\n<p><a href=\"https:\/\/tasiamarisbeach.com\/wp-content\/uploads\/2020\/07\/blu-spa.pdf\">blu spa<\/a>[\/vc_column_text][\/vc_column][\/vc_row][vc_row css=&#8221;.vc_custom_1594121538912{margin-top: 10px !important;}&#8221;][vc_column][vc_row_inner][vc_column_inner][vc_gallery type=&#8221;image_grid&#8221; images=&#8221;7302,7224,7211,7207,7192,7138,7141,7139,7115,7193,7191,7143,7121,7113,7097,7228&#8243;][\/vc_column_inner][\/vc_row_inner][\/vc_column][\/vc_row]<\/p>","protected":false},"excerpt":{"rendered":"<p>[vc_row][vc_column css=&#8221;.vc_custom_1553073167709{padding-top: 60px !important;}&#8221;][vc_column_text] V\u00e4lkommen till BLU SPA, d\u00e4r avkoppling m\u00f6ter lyx. Blu Spa p\u00e5 strandhotellet &amp; Spa p\u00e5 Tasia Maris Hotel erbjuder ett rikt utbud av spabehandlingar f\u00f6r g\u00e4ster som vill uppt\u00e4cka konsten att slappna av och roa. Omfamna en sann lyxreservat, en himmel av fred, ett mycket behagligt omr\u00e5de som blandar estetikens k\u00e4rlek [&hellip;]<\/p>\n","protected":false},"author":1,"featured_media":7228,"parent":0,"menu_order":0,"comment_status":"closed","ping_status":"closed","template":"","meta":{"footnotes":""},"_links":{"self":[{"href":"https:\/\/tasiamarisbeach.com\/SE\/wp-json\/wp\/v2\/pages\/7260"}],"collection":[{"href":"https:\/\/tasiamarisbeach.com\/SE\/wp-json\/wp\/v2\/pages"}],"about":[{"href":"https:\/\/tasiamarisbeach.com\/SE\/wp-json\/wp\/v2\/types\/page"}],"author":[{"embeddable":true,"href":"https:\/\/tasiamarisbeach.com\/SE\/wp-json\/wp\/v2\/users\/1"}],"replies":[{"embeddable":true,"href":"https:\/\/tasiamarisbeach.com\/SE\/wp-json\/wp\/v2\/comments?post=7260"}],"version-history":[{"count":27,"href":"https:\/\/tasiamarisbeach.com\/SE\/wp-json\/wp\/v2\/pages\/7260\/revisions"}],"predecessor-version":[{"id":8442,"href":"https:\/\/tasiamarisbeach.com\/SE\/wp-json\/wp\/v2\/pages\/7260\/revisions\/8442"}],"wp:featuredmedia":[{"embeddable":true,"href":"https:\/\/tasiamarisbeach.com\/SE\/wp-json\/wp\/v2\/media\/7228"}],"wp:attachment":[{"href":"https:\/\/tasiamarisbeach.com\/SE\/wp-json\/wp\/v2\/media?parent=7260"}],"curies":[{"name":"wp","href":"https:\/\/api.w.org\/{rel}","templated":true}]}}