{"id":8134,"date":"2022-03-17T07:30:54","date_gmt":"2022-03-17T07:30:54","guid":{"rendered":"https:\/\/tasiamarisbeach.com\/?page_id=8134"},"modified":"2024-03-22T12:35:08","modified_gmt":"2024-03-22T12:35:08","slug":"all-inclusive-plus","status":"publish","type":"page","link":"https:\/\/tasiamarisbeach.com\/SE\/all-inclusive-plus\/","title":{"rendered":"ALL INCLUSIVE PLUS"},"content":{"rendered":"<p class=\"qtranxs-available-languages-message qtranxs-available-languages-message-SE\">DENNA TILLG\u00c5NG \u00c4R INTE TILLG\u00c4NGLIG For the sake of viewer convenience, the content is shown below in the alternative language. You may click the link to switch the active language.<\/p><p>[vc_row][vc_column][vc_column_text]<\/p>\n<p class=\"p1\"><span class=\"s1\"><b>IMPORTANT INFORMATION<br \/>\n<\/b><\/span><b>FOR Guests<span class=\"Apple-converted-space\">\u00a0 <\/span>ON<span class=\"Apple-converted-space\">\u00a0 <\/span>\u201cALL<span class=\"Apple-converted-space\">\u00a0 <\/span>INCLUSIVE PLUS\u201d <span class=\"Apple-converted-space\">\u00a0 <\/span>TERMS.<\/b><\/p>\n<p class=\"p1\" style=\"text-align: left;\">Dear Esteem Guest,<\/p>\n<p class=\"p2\" style=\"text-align: left;\">On behalf of the Management and Staff of the Tasia Maris Beach Hotel, we would like to take this opportunity to welcome you and wish you a memorable holiday with us. Your choice for an<span class=\"Apple-converted-space\">\u00a0 <\/span><b>All Inclusive package<\/b><span class=\"Apple-converted-space\">\u00a0 <\/span>will mean carefree holiday for you all. Please take<span class=\"Apple-converted-space\">\u00a0 <\/span>a few minutes to read the<span class=\"Apple-converted-space\">\u00a0 <\/span>details of how to obtain the very best from your holiday:<\/p>\n<p class=\"p4\" style=\"text-align: left;\"><b>5one Fine Dining Rooftop Restaurant \u2013 Dinner once per Week<\/b><\/p>\n<p class=\"p4\" style=\"text-align: left;\"><b>Sol y Maris Beach Restaurant 2 times per week (Lunch or Dinner)<\/b><\/p>\n<p class=\"p1\" style=\"text-align: left;\"><span class=\"s1\">BREAKFAST HOURS<\/span><\/p>\n<p class=\"p1\" style=\"text-align: left;\">Served from <b>07:00- 10:00 hrs<\/b> at <b>Admiral Restaurant.<\/b><\/p>\n<p class=\"p1\" style=\"text-align: left;\"><span class=\"s1\">SNACKS HOURS<\/span><\/p>\n<p class=\"p2\" style=\"text-align: left;\">Morning<span class=\"Apple-converted-space\">\u00a0 <\/span>Snacks<span class=\"Apple-converted-space\">\u00a0 <\/span>: From <b>11:00- 13:00 hrs<\/b>.<span class=\"Apple-converted-space\">\u00a0 \u00a0 <\/span>Kindly ask for the special designed<span class=\"Apple-converted-space\">\u00a0 <\/span>enriched<span class=\"Apple-converted-space\">\u00a0 <\/span>SNACK<span class=\"Apple-converted-space\">\u00a0 <\/span>LIST<span class=\"Apple-converted-space\">\u00a0 <\/span>for the<span class=\"Apple-converted-space\">\u00a0 \u00a0 <\/span>All inclusive guests <b>(see first two pages )<\/b> where<span class=\"Apple-converted-space\">\u00a0 <\/span><b>NO<\/b> prices<span class=\"Apple-converted-space\">\u00a0 <\/span>are indicated. <span class=\"Apple-converted-space\">\u00a0 <\/span>Served<span class=\"Apple-converted-space\">\u00a0 <\/span>at <b>Zacharia Terrace.<\/b><\/p>\n<p class=\"p1\" style=\"text-align: left;\"><span class=\"s1\">LUNCH HOURS<\/span><\/p>\n<p class=\"p1\" style=\"text-align: left;\">Served<span class=\"Apple-converted-space\">\u00a0 <\/span>from <b>13:00 \u201315:00 hrs<\/b><span class=\"Apple-converted-space\">\u00a0 <\/span>at <b>Pergola Restaurant.<\/b><\/p>\n<p class=\"p1\" style=\"text-align: left;\"><span class=\"s1\">SNACKS HOURS<\/span><\/p>\n<p class=\"p1\" style=\"text-align: left;\">Afternoon Snacks : From <b>16:00- 18:00 hrs<\/b>.\u00a0<b> <\/b>Kindly ask for the special designed<span class=\"Apple-converted-space\">\u00a0 <\/span>enriched SNACK<span class=\"Apple-converted-space\">\u00a0 <\/span>LIST for the<span class=\"Apple-converted-space\">\u00a0 <\/span>All<span class=\"Apple-converted-space\">\u00a0 <\/span>Inclusive guests<b> <\/b><span class=\"s1\"><b>(see first two pages )<\/b><\/span><b> <\/b>where<span class=\"Apple-converted-space\">\u00a0 <\/span><b>NO<\/b> prices are<span class=\"Apple-converted-space\">\u00a0 <\/span>indicated<b>.<span class=\"Apple-converted-space\">\u00a0 <\/span><\/b>Served<span class=\"Apple-converted-space\">\u00a0 <\/span>at<span class=\"Apple-converted-space\">\u00a0 <\/span><b>Zacharia Restaurant.<\/b><\/p>\n<p class=\"p1\" style=\"text-align: left;\"><span class=\"s1\">DINNER<\/span><\/p>\n<p class=\"p7\" style=\"text-align: left;\">From <b>19:00-21:30 hrs<\/b> Served at <b>Admiral Restaurant.<\/b><\/p>\n<p class=\"p8\" style=\"text-align: left;\">Delicious local Ice Cream served in \u201cScoops Gelataria\u201d from 11:00-18:00<\/p>\n<p class=\"p1\" style=\"text-align: left;\"><span class=\"s1\">BEVERAGES (ALCOHOLIC AND NON ALCOHOLIC)<\/span><\/p>\n<p class=\"p1\" style=\"text-align: left;\">Served from <b>10.30 until 23.00 hrs<\/b> <span class=\"Apple-converted-space\">\u00a0 <\/span>from the <b>Zacharia<span class=\"Apple-converted-space\">\u00a0 <\/span>Bar and the Pool Bar<\/b>.<\/p>\n<p class=\"p1\" style=\"text-align: left;\">Kindly ask for the BAR LIST <b>(see pages 3 and 4 )<\/b> where <b>NO<\/b> prices are indicated, and is especially designed<span class=\"Apple-converted-space\">\u00a0 <\/span>for the<span class=\"Apple-converted-space\">\u00a0 <\/span>All inclusive plus Guests<span class=\"Apple-converted-space\">\u00a0 <\/span>(includes aperitifs &amp; sherries, Branded spirits, local draught beer, wines, cocktails, non alcoholic selection, speciality coffees, International liquers, refreshments. )<\/p>\n<p class=\"p1\" style=\"text-align: left;\"><span class=\"s1\">HOT BEVERAGES <\/span><\/p>\n<p class=\"p1\" style=\"text-align: left;\"><b>Hot<span class=\"Apple-converted-space\">\u00a0 <\/span>Beverages\u00a0<\/b> (teas, Nescafe, filter coffee,hot chocolate, cappuccino)<span class=\"Apple-converted-space\">\u00a0 <\/span>are<span class=\"Apple-converted-space\">\u00a0 <\/span>served<\/p>\n<p class=\"p1\" style=\"text-align: left;\"><b>until closing<span class=\"Apple-converted-space\">\u00a0 <\/span>of the<\/b> <b>bar<\/b>.<span class=\"Apple-converted-space\">\u00a0 \u00a0<\/span><\/p>\n<p class=\"p1\" style=\"text-align: left;\"><span class=\"s1\">CHECK OUT TIME<\/span><\/p>\n<p class=\"p1\" style=\"text-align: left;\">Check out time is always <b>11:00 am<\/b>. Upon check out, please return your room key to<span class=\"Apple-converted-space\">\u00a0 <\/span>the Reception Desk<\/p>\n<p class=\"p11\" style=\"text-align: left;\"><span class=\"s1\"><b>IMPORTANT INFORMATION<\/b><\/span><\/p>\n<p class=\"p11\" style=\"text-align: left;\"><span class=\"s1\"><b>FOR guests<span class=\"Apple-converted-space\">\u00a0 <\/span>ON \u201cALL INCLUSIVE PLUS\u201d<span class=\"Apple-converted-space\">\u00a0 <\/span>TERMS<\/b><\/span><\/p>\n<p class=\"p2\" style=\"text-align: left;\"><span class=\"s1\"><b>RULES &amp; REGULATIONS<\/b><\/span><\/p>\n<ul class=\"ul1\" style=\"text-align: left;\">\n<li class=\"li1\">Kindly note you must wear your colored bracelet <b>at all times<\/b> while staying in the Hotel.<\/li>\n<li class=\"li1\">The Management reserves the right to cancel the All-Inclusive deal of any guest <b>who is misbehaving<\/b> or does not follow the rules of the Hotel.<\/li>\n<li class=\"li1\">For your reference we kindly request you <b>to sign a zero receipt<\/b> whenever you request anything from any food and beverage outlet.<\/li>\n<li class=\"li1\">Offering a complimentary <b>food or<\/b><span class=\"Apple-converted-space\">\u00a0 <\/span><b>drink<\/b> to non all inclusive guests is <b>not allowed.<\/b><\/li>\n<li class=\"li1\">In Case you wish to offer<span class=\"Apple-converted-space\">\u00a0 <\/span>food or drink to<span class=\"Apple-converted-space\">\u00a0 <\/span><b>non-inclusive guest then you should<span class=\"Apple-converted-space\">\u00a0 <\/span>to pay for it.<\/b><\/li>\n<li class=\"li1\">Alcoholic beverages can be served to adults <b>over 18 Years of age.<\/b><\/li>\n<li class=\"li1\"><span class=\"s3\">Last order must be given no later than <\/span><b>22:50 hrs. to avoid long queuing at the bar.<\/b><\/li>\n<li class=\"li13\"><span class=\"s5\"><b>One (1) <span class=\"Apple-converted-space\">\u00a0 <\/span>food<span class=\"Apple-converted-space\">\u00a0 <\/span>and drink item<\/b><\/span><span class=\"Apple-converted-space\">\u00a0 <\/span>should be ordered per person per order for own consumption.<\/li>\n<li class=\"li1\"><span class=\"s3\">Alcoholic beverages <\/span><b>will not be served to any Guest who seems to be drunk.<\/b><\/li>\n<\/ul>\n<p class=\"p16\" style=\"text-align: left;\"><span class=\"s1\"><b>SPECIAL OFFERS JUST FOR THE<span class=\"Apple-converted-space\">\u00a0 <\/span>\u201cALL INCLUSIVE PLUS\u201d<\/b><\/span><\/p>\n<p class=\"p1\" style=\"text-align: left;\">Take the opportunity to benefit from<span class=\"Apple-converted-space\">\u00a0 <\/span>our special discounts<span class=\"Apple-converted-space\">\u00a0 <\/span>for all our Esteem<span class=\"Apple-converted-space\">\u00a0 <\/span>All Inclusive guests:<\/p>\n<p class=\"p1\" style=\"text-align: left;\">Enjoy any<span class=\"Apple-converted-space\">\u00a0 <\/span>dish of your choice<span class=\"Apple-converted-space\">\u00a0 <\/span>from <span class=\"s1\"><b> the A LA CARTE MENU <\/b><\/span>and receive a<span class=\"Apple-converted-space\">\u00a0 <\/span><b>2O % <\/b> discount on the prices indicated . This<span class=\"Apple-converted-space\">\u00a0 <\/span>discount offer is valid<span class=\"Apple-converted-space\">\u00a0 <\/span>from 11.00 until 18.00 daily.<\/p>\n<p class=\"p19\" style=\"text-align: left;\"><span class=\"s1\">Example: Enjoy a <b>Premium Beef rib cutlet<\/b><span class=\"Apple-converted-space\">\u00a0 <\/span>for only \u20ac15.28 instead of \u20ac19.10<span class=\"Apple-converted-space\">\u00a0 <\/span>(discounted at 20 %)<\/span><\/p>\n<p class=\"p2\" style=\"text-align: left;\"><span class=\"s1\"><b>30%<span class=\"Apple-converted-space\">\u00a0 <\/span>Beverage Discount on the PRICED BAR<span class=\"Apple-converted-space\">\u00a0 <\/span>LIST\u00a0<\/b><\/span><\/p>\n<p class=\"p2\" style=\"text-align: left;\">Enjoy<span class=\"Apple-converted-space\">\u00a0 <\/span>any drink<span class=\"Apple-converted-space\">\u00a0 <\/span>of your choice<span class=\"Apple-converted-space\">\u00a0 <\/span>from the<span class=\"Apple-converted-space\">\u00a0 <\/span>PRICED<span class=\"Apple-converted-space\">\u00a0 <\/span>BAR LIST<span class=\"Apple-converted-space\">\u00a0 <\/span>and<span class=\"Apple-converted-space\">\u00a0 <\/span>receive<span class=\"Apple-converted-space\">\u00a0 <\/span>a<span class=\"Apple-converted-space\">\u00a0 <\/span><b>30 %<\/b> discount on the prices<span class=\"Apple-converted-space\">\u00a0 \u00a0<\/span><\/p>\n<p class=\"p2\" style=\"text-align: left;\">Indicated.<span class=\"Apple-converted-space\">\u00a0 <\/span>This discount offer is valid<span class=\"Apple-converted-space\">\u00a0 <\/span>from<span class=\"Apple-converted-space\">\u00a0 <\/span>10.30 until<span class=\"Apple-converted-space\">\u00a0 <\/span>closing<span class=\"Apple-converted-space\">\u00a0 <\/span>time of the<span class=\"Apple-converted-space\">\u00a0 <\/span>Bar<span class=\"Apple-converted-space\">\u00a0 <\/span>daily.<\/p>\n<p class=\"p19\" style=\"text-align: left;\"><span class=\"s1\">Example: Enjoy a refreshing <b>MOJITO cocktail<\/b> for only \u20ac3.50 instead of \u20ac5.00<span class=\"Apple-converted-space\">\u00a0 <\/span>(discounted at 30%)<\/span><\/p>\n<p class=\"p1\" style=\"text-align: left;\">On a closing note we sincerely hope you will<span class=\"Apple-converted-space\">\u00a0 <\/span>enjoy your stay with us and should you require any additional information or assistance, please do not hesitate to contact the Food and beverage Manager or t he Head Barman or the Maitre D\u2019 Hotel.<\/p>\n<p class=\"p1\" style=\"text-align: left;\"><span class=\"s6\"><b>\u201cOur service to your convenience! \u201c<\/b><\/span><\/p>\n<p class=\"p1\" style=\"text-align: left;\"><b><span class=\"Apple-converted-space\">\u00a0<\/span>Sincerely Yours,<\/b><\/p>\n<p class=\"p1\" style=\"text-align: left;\"><b>From the<span class=\"Apple-converted-space\">\u00a0 <\/span>Staff &amp; Management of TASIA MARIS BEACH HOTEL !<\/b><\/p>\n<p>[\/vc_column_text][\/vc_column][\/vc_row]<\/p>","protected":false},"excerpt":{"rendered":"<p>DENNA TILLG\u00c5NG \u00c4R INTE TILLG\u00c4NGLIG For the sake of viewer convenience, the content is shown below in the alternative language. You may click the link to switch the active language.[vc_row][vc_column][vc_column_text] IMPORTANT INFORMATION FOR Guests\u00a0 ON\u00a0 \u201cALL\u00a0 INCLUSIVE PLUS\u201d \u00a0 TERMS. Dear Esteem Guest, On behalf of the Management and Staff of the Tasia Maris Beach [&hellip;]<\/p>\n","protected":false},"author":1,"featured_media":8044,"parent":0,"menu_order":0,"comment_status":"closed","ping_status":"closed","template":"","meta":{"footnotes":""},"_links":{"self":[{"href":"https:\/\/tasiamarisbeach.com\/SE\/wp-json\/wp\/v2\/pages\/8134"}],"collection":[{"href":"https:\/\/tasiamarisbeach.com\/SE\/wp-json\/wp\/v2\/pages"}],"about":[{"href":"https:\/\/tasiamarisbeach.com\/SE\/wp-json\/wp\/v2\/types\/page"}],"author":[{"embeddable":true,"href":"https:\/\/tasiamarisbeach.com\/SE\/wp-json\/wp\/v2\/users\/1"}],"replies":[{"embeddable":true,"href":"https:\/\/tasiamarisbeach.com\/SE\/wp-json\/wp\/v2\/comments?post=8134"}],"version-history":[{"count":8,"href":"https:\/\/tasiamarisbeach.com\/SE\/wp-json\/wp\/v2\/pages\/8134\/revisions"}],"predecessor-version":[{"id":8413,"href":"https:\/\/tasiamarisbeach.com\/SE\/wp-json\/wp\/v2\/pages\/8134\/revisions\/8413"}],"wp:featuredmedia":[{"embeddable":true,"href":"https:\/\/tasiamarisbeach.com\/SE\/wp-json\/wp\/v2\/media\/8044"}],"wp:attachment":[{"href":"https:\/\/tasiamarisbeach.com\/SE\/wp-json\/wp\/v2\/media?parent=8134"}],"curies":[{"name":"wp","href":"https:\/\/api.w.org\/{rel}","templated":true}]}}