{"id":7060,"date":"2019-03-14T14:33:08","date_gmt":"2019-03-14T14:33:08","guid":{"rendered":"https:\/\/tasiamarisbeach.com\/?page_id=7060"},"modified":"2023-05-19T11:06:56","modified_gmt":"2023-05-19T11:06:56","slug":"guest-services","status":"publish","type":"page","link":"https:\/\/tasiamarisbeach.com\/de\/guest-services\/","title":{"rendered":"HOTEL EINRICHTUNGEN &#038; DIENSTLEISTUNGEN"},"content":{"rendered":"<p>[vc_row][vc_column css=&#8220;.vc_custom_1553072879763{padding-top: 60px !important;}&#8220;][vc_column_text]Rezeption rund um die Uhr<\/p>\n<ul>\n<li>Geldwechsel<\/li>\n<li>Portier<\/li>\n<li>Gep\u00e4ckaufbewahrung Lesesaal<\/li>\n<li>Bibliothek<\/li>\n<li>Zimmerservice 07:00 &#8211; 23:00 Uhr*<\/li>\n<li>Internet-Zugangsstationen &amp; KOSTENLOSES Wifi in \u00f6ffentlichen Bereichen und Zimmern<\/li>\n<li>Strandt\u00fccher**<\/li>\n<li>Autovermietung &amp; Taxi-Service*<\/li>\n<li>Arzt auf Anfrage*<\/li>\n<li>Komplettes Animationsprogramm<\/li>\n<li>Buchungsbest\u00e4tigungen von Fluggesellschaften<\/li>\n<li>W\u00e4scheservice &amp; Valet (24 Stunden au\u00dfer an Wochenenden und Feiertagen)*<\/li>\n<li>Sekretariats- &amp; Dolmetscherservice (\u00fcber die Rezeption)* TV- &amp; Videoraum<\/li>\n<li>Sp\u00e4tabreise-Service *<\/li>\n<li>Kostenloses Parken<\/li>\n<li>Spa und Gesundheitscenter* &#8211; bietet Spa-Behandlungen, Sauna, Dampfbad und Fitnessbereich<\/li>\n<li>Tagungs- &amp; Konferenzraum<\/li>\n<li>Hochzeitspakete<\/li>\n<\/ul>\n<p>*Aufpreis **Kaution erforderlich[\/vc_column_text][\/vc_column][\/vc_row]<\/p>","protected":false},"excerpt":{"rendered":"<p>[vc_row][vc_column css=&#8220;.vc_custom_1553072879763{padding-top: 60px !important;}&#8220;][vc_column_text]Rezeption rund um die Uhr Geldwechsel Portier Gep\u00e4ckaufbewahrung Lesesaal Bibliothek Zimmerservice 07:00 &#8211; 23:00 Uhr* Internet-Zugangsstationen &amp; KOSTENLOSES Wifi in \u00f6ffentlichen Bereichen und Zimmern Strandt\u00fccher** Autovermietung &amp; Taxi-Service* Arzt auf Anfrage* Komplettes Animationsprogramm Buchungsbest\u00e4tigungen von Fluggesellschaften W\u00e4scheservice &amp; Valet (24 Stunden au\u00dfer an Wochenenden und Feiertagen)* Sekretariats- &amp; Dolmetscherservice (\u00fcber die Rezeption)* [&hellip;]<\/p>\n","protected":false},"author":1,"featured_media":7139,"parent":0,"menu_order":0,"comment_status":"closed","ping_status":"closed","template":"","meta":{"footnotes":""},"_links":{"self":[{"href":"https:\/\/tasiamarisbeach.com\/de\/wp-json\/wp\/v2\/pages\/7060"}],"collection":[{"href":"https:\/\/tasiamarisbeach.com\/de\/wp-json\/wp\/v2\/pages"}],"about":[{"href":"https:\/\/tasiamarisbeach.com\/de\/wp-json\/wp\/v2\/types\/page"}],"author":[{"embeddable":true,"href":"https:\/\/tasiamarisbeach.com\/de\/wp-json\/wp\/v2\/users\/1"}],"replies":[{"embeddable":true,"href":"https:\/\/tasiamarisbeach.com\/de\/wp-json\/wp\/v2\/comments?post=7060"}],"version-history":[{"count":15,"href":"https:\/\/tasiamarisbeach.com\/de\/wp-json\/wp\/v2\/pages\/7060\/revisions"}],"predecessor-version":[{"id":8253,"href":"https:\/\/tasiamarisbeach.com\/de\/wp-json\/wp\/v2\/pages\/7060\/revisions\/8253"}],"wp:featuredmedia":[{"embeddable":true,"href":"https:\/\/tasiamarisbeach.com\/de\/wp-json\/wp\/v2\/media\/7139"}],"wp:attachment":[{"href":"https:\/\/tasiamarisbeach.com\/de\/wp-json\/wp\/v2\/media?parent=7060"}],"curies":[{"name":"wp","href":"https:\/\/api.w.org\/{rel}","templated":true}]}}