{"id":7260,"date":"2019-03-19T13:56:12","date_gmt":"2019-03-19T13:56:12","guid":{"rendered":"https:\/\/tasiamarisbeach.com\/?page_id=7260"},"modified":"2025-02-26T12:20:43","modified_gmt":"2025-02-26T12:20:43","slug":"leisure-facilities","status":"publish","type":"page","link":"https:\/\/tasiamarisbeach.com\/de\/leisure-facilities\/","title":{"rendered":"SPA &#038; GESUNDHEITSZENTRUM"},"content":{"rendered":"<p>[vc_row][vc_column css=&#8220;.vc_custom_1553073167709{padding-top: 60px !important;}&#8220;][vc_column_text]Willkommen im BLU SPA, wo Entspannung auf Luxus trifft.<br \/>\nDas Blu Spa im Tasia Maris Hotel Beach Hotel &amp; Spa bietet eine gro\u00dfe Auswahl an Wellnessanwendungen f\u00fcr G\u00e4ste, die die Kunst der Entspannung und Ruhe entdecken m\u00f6chten. Erleben Sie eine wahre Oase des Luxus, ein Paradies des Friedens, einen Bereich des h\u00f6chsten Vergn\u00fcgens, in dem die Liebe zur \u00c4sthetik bis hin zu den besten Kosmetikl\u00f6sungen reicht. Sie bietet Pflege durch Gesten und essentielle Techniken, die den Geist und den K\u00f6rper entspannen, die Silhouette in Einklang bringen, die Haut wiederbeleben und die Jugend bewahren. Blu Spa ist ein exklusiver Ort f\u00fcr M\u00e4nner und Frauen, die dauerhafte Gesundheit, Sch\u00f6nheit und Jugend suchen.<br \/>\nAlle Anwendungen wurden genau f\u00fcr diesen Zweck entwickelt.<\/p>\n<p>&nbsp;<\/p>\n<p><strong>Blus Spa Preisliste<\/strong><\/p>\n<p><a href=\"https:\/\/tasiamarisbeach.com\/wp-content\/uploads\/2020\/07\/blu-spa.pdf\">blu spa<\/a>[\/vc_column_text][\/vc_column][\/vc_row][vc_row css=&#8220;.vc_custom_1594121538912{margin-top: 10px !important;}&#8220;][vc_column][vc_row_inner][vc_column_inner][vc_gallery type=&#8220;image_grid&#8220; images=&#8220;7302,7224,7211,7207,7192,7138,7141,7139,7115,7193,7191,7143,7121,7113,7097,7228&#8243;][\/vc_column_inner][\/vc_row_inner][\/vc_column][\/vc_row]<\/p>","protected":false},"excerpt":{"rendered":"<p>[vc_row][vc_column css=&#8220;.vc_custom_1553073167709{padding-top: 60px !important;}&#8220;][vc_column_text]Willkommen im BLU SPA, wo Entspannung auf Luxus trifft. Das Blu Spa im Tasia Maris Hotel Beach Hotel &amp; Spa bietet eine gro\u00dfe Auswahl an Wellnessanwendungen f\u00fcr G\u00e4ste, die die Kunst der Entspannung und Ruhe entdecken m\u00f6chten. Erleben Sie eine wahre Oase des Luxus, ein Paradies des Friedens, einen Bereich des h\u00f6chsten [&hellip;]<\/p>\n","protected":false},"author":1,"featured_media":7228,"parent":0,"menu_order":0,"comment_status":"closed","ping_status":"closed","template":"","meta":{"footnotes":""},"_links":{"self":[{"href":"https:\/\/tasiamarisbeach.com\/de\/wp-json\/wp\/v2\/pages\/7260"}],"collection":[{"href":"https:\/\/tasiamarisbeach.com\/de\/wp-json\/wp\/v2\/pages"}],"about":[{"href":"https:\/\/tasiamarisbeach.com\/de\/wp-json\/wp\/v2\/types\/page"}],"author":[{"embeddable":true,"href":"https:\/\/tasiamarisbeach.com\/de\/wp-json\/wp\/v2\/users\/1"}],"replies":[{"embeddable":true,"href":"https:\/\/tasiamarisbeach.com\/de\/wp-json\/wp\/v2\/comments?post=7260"}],"version-history":[{"count":27,"href":"https:\/\/tasiamarisbeach.com\/de\/wp-json\/wp\/v2\/pages\/7260\/revisions"}],"predecessor-version":[{"id":8442,"href":"https:\/\/tasiamarisbeach.com\/de\/wp-json\/wp\/v2\/pages\/7260\/revisions\/8442"}],"wp:featuredmedia":[{"embeddable":true,"href":"https:\/\/tasiamarisbeach.com\/de\/wp-json\/wp\/v2\/media\/7228"}],"wp:attachment":[{"href":"https:\/\/tasiamarisbeach.com\/de\/wp-json\/wp\/v2\/media?parent=7260"}],"curies":[{"name":"wp","href":"https:\/\/api.w.org\/{rel}","templated":true}]}}