{"id":7393,"date":"2019-11-05T12:39:18","date_gmt":"2019-11-05T12:39:18","guid":{"rendered":"https:\/\/tasiamarisbeach.com\/?page_id=7393"},"modified":"2021-03-09T13:53:44","modified_gmt":"2021-03-09T13:53:44","slug":"conferences","status":"publish","type":"page","link":"https:\/\/tasiamarisbeach.com\/de\/conferences\/","title":{"rendered":"MICE"},"content":{"rendered":"<p>[vc_row][vc_column]<div  class=\"rt-separator element-one \" data-separator-width=\"100%\" data-separator-color=\"#000000\" data-separator-background=\"#ffffff\" data-separator-direction=\"right\"><div class=\"block\"><div class=\"gap\"><\/div><div class=\"bar\"><\/div><\/div><\/div>[\/vc_column][\/vc_row][vc_row][vc_column][vc_column_text]Der ideale Ort f\u00fcr Meetings und Motivation. Im Hotel steht ein Konferenzraum f\u00fcr bis zu 80 Personen zur Verf\u00fcgung, modernste AV-Ausstattung &amp; Men\u00fcoptionen f\u00fcr Kaffeepausen sind vorhanden[\/vc_column_text][\/vc_column][\/vc_row][vc_row][vc_column][vc_single_image image=&#8220;7410&#8243; img_size=&#8220;full&#8220;][\/vc_column][\/vc_row]<\/p>","protected":false},"excerpt":{"rendered":"<p>[vc_row][vc_column][\/vc_column][\/vc_row][vc_row][vc_column][vc_column_text]Der ideale Ort f\u00fcr Meetings und Motivation. Im Hotel steht ein Konferenzraum f\u00fcr bis zu 80 Personen zur Verf\u00fcgung, modernste AV-Ausstattung &amp; Men\u00fcoptionen f\u00fcr Kaffeepausen sind vorhanden[\/vc_column_text][\/vc_column][\/vc_row][vc_row][vc_column][vc_single_image image=&#8220;7410&#8243; img_size=&#8220;full&#8220;][\/vc_column][\/vc_row]<\/p>\n","protected":false},"author":1,"featured_media":7410,"parent":0,"menu_order":0,"comment_status":"closed","ping_status":"closed","template":"","meta":{"footnotes":""},"_links":{"self":[{"href":"https:\/\/tasiamarisbeach.com\/de\/wp-json\/wp\/v2\/pages\/7393"}],"collection":[{"href":"https:\/\/tasiamarisbeach.com\/de\/wp-json\/wp\/v2\/pages"}],"about":[{"href":"https:\/\/tasiamarisbeach.com\/de\/wp-json\/wp\/v2\/types\/page"}],"author":[{"embeddable":true,"href":"https:\/\/tasiamarisbeach.com\/de\/wp-json\/wp\/v2\/users\/1"}],"replies":[{"embeddable":true,"href":"https:\/\/tasiamarisbeach.com\/de\/wp-json\/wp\/v2\/comments?post=7393"}],"version-history":[{"count":6,"href":"https:\/\/tasiamarisbeach.com\/de\/wp-json\/wp\/v2\/pages\/7393\/revisions"}],"predecessor-version":[{"id":7991,"href":"https:\/\/tasiamarisbeach.com\/de\/wp-json\/wp\/v2\/pages\/7393\/revisions\/7991"}],"wp:featuredmedia":[{"embeddable":true,"href":"https:\/\/tasiamarisbeach.com\/de\/wp-json\/wp\/v2\/media\/7410"}],"wp:attachment":[{"href":"https:\/\/tasiamarisbeach.com\/de\/wp-json\/wp\/v2\/media?parent=7393"}],"curies":[{"name":"wp","href":"https:\/\/api.w.org\/{rel}","templated":true}]}}