{"id":7412,"date":"2019-11-06T09:50:33","date_gmt":"2019-11-06T09:50:33","guid":{"rendered":"https:\/\/tasiamarisbeach.com\/?page_id=7412"},"modified":"2024-02-15T11:49:18","modified_gmt":"2024-02-15T11:49:18","slug":"terms-of-stay","status":"publish","type":"page","link":"https:\/\/tasiamarisbeach.com\/de\/terms-of-stay\/","title":{"rendered":"Terms of Stay"},"content":{"rendered":"<p>[vc_row][vc_column css=&#8220;.vc_custom_1617102365857{padding-top: 25px !important;}&#8220;][vc_column_text]Liebe G\u00e4ste!<\/p>\n<p>Wir freuen uns, Sie in Zypern und in unserem Tasia Maris Beach Hotel &amp; Spa in Ayia Napa begr\u00fc\u00dfen zu d\u00fcrfen. Der Zweck dieses Flyers ist es, Ihnen unsere Einrichtungen, Dienstleistungen und Veranstaltungsorte vorzustellen und Ihnen vor allem dabei zu helfen, sie in vollen Z\u00fcgen zu genie\u00dfen. Hier finden Sie wichtige Informationen \u00fcber die Richtlinien unseres luxuri\u00f6sen All-Inclusive-Service, die wir Sie bitten, sorgf\u00e4ltig zu lesen und zu befolgen, um eine komfortable, sichere und angenehme Erfahrung w\u00e4hrend Ihres Urlaubs zu haben. Unser umfangreicher Barservice und unsere Themenrestaurants stehen Ihnen selbstverst\u00e4ndlich zur Verf\u00fcgung!<\/p>\n<p>&nbsp;<\/p>\n<p><a href=\"https:\/\/tasiamarisbeach.com\/wp-content\/uploads\/2021\/06\/AI-DESCRIPTION-GER-250621.pdf\">ALL-INCLUSIVE BESCHREIBUNG<\/a><\/p>\n<p><a href=\"https:\/\/tasiamarisbeach.com\/wp-content\/uploads\/2021\/06\/ULTRA-ALL-INCLUSIVE-GER-250621.pdf\">ULTRA ALL-INCLUSIVE BESCHREIBUNG<\/a>[\/vc_column_text][\/vc_column][\/vc_row]<\/p>","protected":false},"excerpt":{"rendered":"<p>[vc_row][vc_column css=&#8220;.vc_custom_1617102365857{padding-top: 25px !important;}&#8220;][vc_column_text]Liebe G\u00e4ste! Wir freuen uns, Sie in Zypern und in unserem Tasia Maris Beach Hotel &amp; Spa in Ayia Napa begr\u00fc\u00dfen zu d\u00fcrfen. Der Zweck dieses Flyers ist es, Ihnen unsere Einrichtungen, Dienstleistungen und Veranstaltungsorte vorzustellen und Ihnen vor allem dabei zu helfen, sie in vollen Z\u00fcgen zu genie\u00dfen. Hier finden Sie [&hellip;]<\/p>\n","protected":false},"author":1,"featured_media":7651,"parent":0,"menu_order":0,"comment_status":"closed","ping_status":"closed","template":"","meta":{"footnotes":""},"_links":{"self":[{"href":"https:\/\/tasiamarisbeach.com\/de\/wp-json\/wp\/v2\/pages\/7412"}],"collection":[{"href":"https:\/\/tasiamarisbeach.com\/de\/wp-json\/wp\/v2\/pages"}],"about":[{"href":"https:\/\/tasiamarisbeach.com\/de\/wp-json\/wp\/v2\/types\/page"}],"author":[{"embeddable":true,"href":"https:\/\/tasiamarisbeach.com\/de\/wp-json\/wp\/v2\/users\/1"}],"replies":[{"embeddable":true,"href":"https:\/\/tasiamarisbeach.com\/de\/wp-json\/wp\/v2\/comments?post=7412"}],"version-history":[{"count":53,"href":"https:\/\/tasiamarisbeach.com\/de\/wp-json\/wp\/v2\/pages\/7412\/revisions"}],"predecessor-version":[{"id":8407,"href":"https:\/\/tasiamarisbeach.com\/de\/wp-json\/wp\/v2\/pages\/7412\/revisions\/8407"}],"wp:featuredmedia":[{"embeddable":true,"href":"https:\/\/tasiamarisbeach.com\/de\/wp-json\/wp\/v2\/media\/7651"}],"wp:attachment":[{"href":"https:\/\/tasiamarisbeach.com\/de\/wp-json\/wp\/v2\/media?parent=7412"}],"curies":[{"name":"wp","href":"https:\/\/api.w.org\/{rel}","templated":true}]}}